{"id":127,"date":"2025-02-13T07:01:48","date_gmt":"2025-02-13T07:01:48","guid":{"rendered":"https:\/\/cursanoubarris.cat\/?page_id=127"},"modified":"2025-12-12T09:40:04","modified_gmt":"2025-12-12T09:40:04","slug":"informacio-practica-5-km","status":"publish","type":"page","link":"https:\/\/cursanoubarris.cat\/index.php\/informacio-practica-5-km\/","title":{"rendered":"Info 5 km"},"content":{"rendered":"\n<p><strong>INFORMACI\u00d3 PR\u00c0CTICA 5 KM<br><br>PREUS&nbsp;<\/strong><\/p>\n\n\n\n<p>&nbsp;El preu inclou&nbsp;la samarreta de la cursa.<\/p>\n\n\n\n<figure class=\"wp-block-table\"><table class=\"has-fixed-layout\"><tbody><tr><td><strong>Preus 2026<\/strong><\/td><td>fins al 31\/12<\/td><td>1\/1 al 31\/1<\/td><td>1\/2 al 19\/4<\/td><td>a partir del 20\/4&nbsp;<\/td><\/tr><tr><td>Atletes amb xip groc propi (Championchip)<\/td><td>10 euros<\/td><td>12 euros<\/td><td>12 euros<\/td><td>15 euros<\/td><\/tr><tr><td>Atletes sense xip groc propi<\/td><td>12 euros<\/td><td>14 euros<\/td><td>14 euros<\/td><td>17 euros<\/td><\/tr><\/tbody><\/table><\/figure>\n\n\n\n<p>Per als participants que no disposin de xip propi el dorsal inclour\u00e0 el xip de cronometratge.<br><br>Part de la recaptaci\u00f3 ajudar\u00e0 a finan\u00e7ar programes esportius personalitzats adre\u00e7ats a nens afectats per trastorns del desenvolupament neurol\u00f2gic (autisme), el qual es manifesta obstaculitzant l&#8217;aprenentatge d&#8217;habilitats de comunicaci\u00f3 i relacions socials.<br><br><strong>DIA I HORA<\/strong><br>Dia 17 de maig de 2026<br>Sortida a les 9:00 h al Pg. Andreu Nin \/ Pintor Alsamora (davant de SOM Multiespai)&nbsp;<br><strong><br>DORSALS<\/strong><br>El lliurament de dorsals es far\u00e0 al Decathlon del Centre Comercial La Maquinista en&nbsp;els seg\u00fcents dies i horaris:<br><br>\u2022&nbsp;Divendres 15 de maig de 16:00 a 20:00 h<br>\u2022&nbsp;Dissabte 16 de maig de 10:00 a 14:00 i de 16:00 a 20:00 h<br><br>Cal la presentaci\u00f3 del dni. Per recollir el dorsal d&#8217;altra personal cal autoritzaci\u00f3 signada i fotoc\u00f2pia del DNI de la persona que autoritza.<br><br>En casos especials o si veniu de lluny i pr\u00e8via petici\u00f3 per correu electr\u00f2nic (abans del tancament de les inscripcions) a&nbsp;<a href=\"mailto:cursanoubarris@canb.cat\">cursanoubarris@canb.cat<\/a>&nbsp;s&#8217;entregaran una quantitat limitada de dorsals el mateix diumenge de 07:30 a 8:00 h a la carpa del Canb al Centre Comercial Som Multiespai (nom\u00e9s es podran recollir dorsals pr\u00e8viament autoritzats). Feu la petici\u00f3 abans de fer la inscripci\u00f3 per garantir que podrem entregar-vos el dorsal el diumenge (una vegada tancades les inscripcions no s&#8217;autoritzar\u00e0 cap recollida el mateix diumenge). No es lliurar\u00e0 cap dorsal a partir de les 8:15h.<br><br><strong>GUARDA-ROBA<\/strong><br>Hi haur\u00e0 servei de guarda-roba ubicat a la pista d&#8217;atletisme.<br><br><strong>DUTXES<\/strong><br>Hi haur\u00e0 servei de dutxes (nom\u00e9s corredors) a la Palestra de Can Drag\u00f3 i als vestuaris de les pistes d&#8217;atletisme.<br><br><strong>APARCAMENT GRATUIT (2 h)<\/strong><br><strong>2 hores<\/strong> d&#8217;aparcament gratu\u00eft &nbsp;a SOM Multiespai <strong>el dia de la cursa<\/strong> per als atletes participants en la cursa<br><br><strong>OBSEQUI<\/strong><br>Tots els corredors incrits rebran la samarreta de la cursa al retirar el seu dorsal (no s&#8217;entrega cap samarreta el dia de la cursa a excepci\u00f3 del dorsals autoritzats).&nbsp;<br><br><strong>CLASSIFICACI\u00d3<\/strong><br>Control inform\u00e0tic d&#8217;arribada (amb xip)<br><br><strong>LLIURAMENT DE TROFEUS<\/strong><br>Al Centre&nbsp;Comercial SOM Multiespai a partir de las 11:00h<br><br><strong>PREMIS CURSA 5 KM&nbsp;<\/strong><br>Trofeu&nbsp;als tres primers i les tres primeres classificades absolutes<\/p>\n\n\n\n<p><br><\/p>\n","protected":false},"excerpt":{"rendered":"<p>INFORMACI\u00d3 PR\u00c0CTICA 5 KM PREUS&nbsp; &nbsp;El preu inclou&nbsp;la samarreta de la cursa. Preus 2026 fins al 31\/12 1\/1 al 31\/1 1\/2 al 19\/4 a partir del 20\/4&nbsp; Atletes amb xip groc propi (Championchip) 10 euros 12 euros 12 euros 15 euros Atletes sense xip groc propi 12 euros 14 euros 14 euros 17 euros Per [&hellip;]<\/p>\n","protected":false},"author":1,"featured_media":0,"parent":0,"menu_order":0,"comment_status":"closed","ping_status":"closed","template":"","meta":{"footnotes":""},"class_list":["post-127","page","type-page","status-publish","hentry"],"_links":{"self":[{"href":"https:\/\/cursanoubarris.cat\/index.php\/wp-json\/wp\/v2\/pages\/127","targetHints":{"allow":["GET"]}}],"collection":[{"href":"https:\/\/cursanoubarris.cat\/index.php\/wp-json\/wp\/v2\/pages"}],"about":[{"href":"https:\/\/cursanoubarris.cat\/index.php\/wp-json\/wp\/v2\/types\/page"}],"author":[{"embeddable":true,"href":"https:\/\/cursanoubarris.cat\/index.php\/wp-json\/wp\/v2\/users\/1"}],"replies":[{"embeddable":true,"href":"https:\/\/cursanoubarris.cat\/index.php\/wp-json\/wp\/v2\/comments?post=127"}],"version-history":[{"count":13,"href":"https:\/\/cursanoubarris.cat\/index.php\/wp-json\/wp\/v2\/pages\/127\/revisions"}],"predecessor-version":[{"id":301,"href":"https:\/\/cursanoubarris.cat\/index.php\/wp-json\/wp\/v2\/pages\/127\/revisions\/301"}],"wp:attachment":[{"href":"https:\/\/cursanoubarris.cat\/index.php\/wp-json\/wp\/v2\/media?parent=127"}],"curies":[{"name":"wp","href":"https:\/\/api.w.org\/{rel}","templated":true}]}}